{"id":27,"date":"2016-08-18T04:06:29","date_gmt":"2016-08-18T04:06:29","guid":{"rendered":"http:\/\/elektro-nd.cz\/?page_id=27"},"modified":"2024-01-04T13:59:17","modified_gmt":"2024-01-04T13:59:17","slug":"o-nas","status":"publish","type":"page","link":"https:\/\/www.elektro-nd.cz\/","title":{"rendered":"Elektroinstalace"},"content":{"rendered":"<p><strong>Prov\u00e1d\u00edme ve\u0161ker\u00e9 elektroinstalace na rodinn\u00fdch domc\u00edch, bytov\u00fdch i nebytov\u00fdch prostorech, skladech, kancel\u00e1\u0159\u00edch, bytech, d\u0159evostavb\u00e1ch<\/strong><\/p>\n<p><strong>Prov\u00e1d\u00edme komplet elektroinstalaci:<\/strong><\/p>\n<ul>\n<li>dom\u00e1c\u00ed telefony a videotelefona<\/li>\n<li>zvonky &#8211; dr\u00e1tov\u00fd i bezdr\u00e1tov\u00fd p\u0159enos<\/li>\n<li>ovl\u00e1d\u00e1n\u00ed osv\u011btlen\u00ed pomoc\u00ed \u010didel a sv\u011bteln\u00fdch automat\u016f<\/li>\n<li>venkovn\u00ed, vnit\u0159n\u00ed osv\u011btlen\u00ed atd.<\/li>\n<li>v\u00fdm\u011bna bytov\u00fdch rozvodnic a ji\u0161t\u011bn\u00ed<\/li>\n<li>kompletn\u00ed rekonstrukce star\u00fdch panel\u00e1kov\u00fdch rozvod\u016f<\/li>\n<li>b\u011b\u017en\u00e9 opravy a \u00fadr\u017eba elektroinstalace<\/li>\n<li>odborn\u00e9 p\u0159ipojen\u00ed ve\u0161ker\u00fdch dom\u00e1c\u00edch spot\u0159ebi\u010d\u016f &#8211; varn\u00e9 desky, podlahov\u00e9 vyt\u00e1p\u011bn\u00ed, p\u0159\u00edmotopy, akumula\u010dn\u00ed kamna, ods\u00e1va\u010de par, \u010derpadla, bojlery atd.<\/li>\n<li>v\u00fdm\u011bna nefunk\u010dn\u00edch vyp\u00edna\u010d\u016f, z\u00e1suvek, pojistek nebo jisti\u010d\u016f<\/li>\n<li>oprava prodlu\u017eovac\u00edch kabel\u016f nebo jejich v\u00fdroba<\/li>\n<li>opravy kabel\u016f do 1kV (mo\u017enost vyhled\u00e1n\u00ed poruchy na kabelu)<\/li>\n<li>regulace a m\u011b\u0159en\u00ed &#8211; n\u00e1vrh, projekt, realizace<\/li>\n<li>rozvody TV ant\u00e9n<\/li>\n<li>atov\u00e9, telefonn\u00ed, slaboproud\u00e9 rozvody a instalace<\/li>\n<li>kamerov\u00e9 syst\u00e9my<\/li>\n<li>dom\u00e1c\u00ed videosyst\u00e9my<\/li>\n<li>elektronick\u00e9 po\u017e\u00e1rn\u00ed syst\u00e9my<\/li>\n<li>satelitn\u00ed a TV technika<\/li>\n<li>elektronick\u00e9 zabezpe\u010dovac\u00ed syst\u00e9my<\/li>\n<\/ul>\n","protected":false},"excerpt":{"rendered":"<p>Prov\u00e1d\u00edme ve\u0161ker\u00e9 elektroinstalace na rodinn\u00fdch domc\u00edch, bytov\u00fdch i nebytov\u00fdch prostorech, skladech, kancel\u00e1\u0159\u00edch, bytech, d\u0159evostavb\u00e1ch Prov\u00e1d\u00edme komplet elektroinstalaci: dom\u00e1c\u00ed telefony a videotelefona zvonky &#8211; dr\u00e1tov\u00fd i bezdr\u00e1tov\u00fd p\u0159enos ovl\u00e1d\u00e1n\u00ed osv\u011btlen\u00ed pomoc\u00ed \u010didel a sv\u011bteln\u00fdch automat\u016f venkovn\u00ed, vnit\u0159n\u00ed osv\u011btlen\u00ed atd. v\u00fdm\u011bna bytov\u00fdch <a class=\"more-link\" href=\"https:\/\/www.elektro-nd.cz\/\">Read More &#8230;<\/a><\/p>\n","protected":false},"author":1,"featured_media":0,"parent":0,"menu_order":0,"comment_status":"closed","ping_status":"closed","template":"","meta":{"footnotes":""},"class_list":["post-27","page","type-page","status-publish","hentry"],"_links":{"self":[{"href":"https:\/\/www.elektro-nd.cz\/index.php?rest_route=\/wp\/v2\/pages\/27","targetHints":{"allow":["GET"]}}],"collection":[{"href":"https:\/\/www.elektro-nd.cz\/index.php?rest_route=\/wp\/v2\/pages"}],"about":[{"href":"https:\/\/www.elektro-nd.cz\/index.php?rest_route=\/wp\/v2\/types\/page"}],"author":[{"embeddable":true,"href":"https:\/\/www.elektro-nd.cz\/index.php?rest_route=\/wp\/v2\/users\/1"}],"replies":[{"embeddable":true,"href":"https:\/\/www.elektro-nd.cz\/index.php?rest_route=%2Fwp%2Fv2%2Fcomments&post=27"}],"version-history":[{"count":3,"href":"https:\/\/www.elektro-nd.cz\/index.php?rest_route=\/wp\/v2\/pages\/27\/revisions"}],"predecessor-version":[{"id":31,"href":"https:\/\/www.elektro-nd.cz\/index.php?rest_route=\/wp\/v2\/pages\/27\/revisions\/31"}],"wp:attachment":[{"href":"https:\/\/www.elektro-nd.cz\/index.php?rest_route=%2Fwp%2Fv2%2Fmedia&parent=27"}],"curies":[{"name":"wp","href":"https:\/\/api.w.org\/{rel}","templated":true}]}}